{"id":816,"date":"2021-04-09T01:45:36","date_gmt":"2021-04-08T23:45:36","guid":{"rendered":"https:\/\/nueva2.rodrigoabogados.com\/?page_id=816"},"modified":"2021-04-09T01:47:28","modified_gmt":"2021-04-08T23:47:28","slug":"politica-de-cookies","status":"publish","type":"page","link":"https:\/\/rodrigoabogados.com\/en\/politica-de-cookies\/","title":{"rendered":"POLITICA DE COOKIES"},"content":{"rendered":"<div data-elementor-type=\"wp-page\" data-elementor-id=\"816\" class=\"elementor elementor-816\" data-elementor-post-type=\"page\">\n\t\t\t\t\t\t<section class=\"elementor-section elementor-top-section elementor-element elementor-element-c844270 elementor-section-boxed elementor-section-height-default elementor-section-height-default\" data-id=\"c844270\" data-element_type=\"section\" data-e-type=\"section\">\n\t\t\t\t\t\t<div class=\"elementor-container elementor-column-gap-default\">\n\t\t\t\t\t<div class=\"elementor-column elementor-col-100 elementor-top-column elementor-element elementor-element-ebc5429\" data-id=\"ebc5429\" data-element_type=\"column\" data-e-type=\"column\">\n\t\t\t<div class=\"elementor-widget-wrap elementor-element-populated\">\n\t\t\t\t\t\t<div class=\"elementor-element elementor-element-d47b8d8 elementor-widget elementor-widget-heading\" data-id=\"d47b8d8\" data-element_type=\"widget\" data-e-type=\"widget\" data-widget_type=\"heading.default\">\n\t\t\t\t<div class=\"elementor-widget-container\">\n\t\t\t\t\t<h1 class=\"elementor-heading-title elementor-size-large\">POL\u00cdTICA DE COOKIES<\/h1>\t\t\t\t<\/div>\n\t\t\t\t<\/div>\n\t\t\t\t<div class=\"elementor-element elementor-element-6264dbc elementor-widget elementor-widget-text-editor\" data-id=\"6264dbc\" data-element_type=\"widget\" data-e-type=\"widget\" data-widget_type=\"text-editor.default\">\n\t\t\t\t<div class=\"elementor-widget-container\">\n\t\t\t\t\t\t\t\t\t<p><span style=\"font-weight: 400;\">Debido a la entrada en vigor de la referente modificaci\u00f3n de la \u00abLey de Servicios de la Sociedad de la Informaci\u00f3n\u00bb (LSSICE) establecida por el Real Decreto 13\/2012, es de obligaci\u00f3n obtener el consentimiento expreso del usuario de todas las p\u00e1ginas web que usan Cookies prescindibles, antes de que \u00e9ste navegue por ellas.<\/span><\/p><p><span style=\"font-weight: 400;\">\u00bfQu\u00e9 son las Cookies?<\/span><\/p><p><span style=\"font-weight: 400;\">Las Cookies y otras tecnolog\u00edas similares tales como local shared objects, flash Cookies o p\u00edxeles, son herramientas empleadas por los servidores Web para almacenar y recuperar informaci\u00f3n acerca de sus visitantes, as\u00ed como para ofrecer un correcto funcionamiento del sitio. Mediante el uso de estos dispositivos se permite al servidor Web recordar algunos datos concernientes al usuario, como sus preferencias para la visualizaci\u00f3n de las p\u00e1ginas de ese servidor, nombre y contrase\u00f1a, productos que m\u00e1s le interesan, etc.<\/span><\/p><p><span style=\"font-weight: 400;\">Cookies afectadas por la normativa y Cookies exceptuadas<\/span><\/p><p><span style=\"font-weight: 400;\">Seg\u00fan la directiva de la UE, las Cookies que requieren el consentimiento informado por parte del usuario son las Cookies de anal\u00edtica y las de publicidad y afiliaci\u00f3n, quedando exceptuadas las de car\u00e1cter t\u00e9cnico y las necesarias para el funcionamiento del sitio Web o la prestaci\u00f3n de servicios expresamente solicitados por el usuario.<\/span><\/p><p><span style=\"font-weight: 400;\">\u00bfQu\u00e9 tipos de Cookies existen?<\/span><\/p><p><span style=\"font-weight: 400;\">Sobre los tipos de Cookies, existen cinco grandes grupos:<\/span><\/p><ul><li style=\"font-weight: 400;\" aria-level=\"1\"><span style=\"font-weight: 400;\">Cookies anal\u00edticas: recogen informaci\u00f3n del uso que se realiza del sitio Web.<\/span><\/li><li style=\"font-weight: 400;\" aria-level=\"1\"><span style=\"font-weight: 400;\">Cookies sociales: son aquellas necesarias para redes sociales externas.<\/span><\/li><li style=\"font-weight: 400;\" aria-level=\"1\"><span style=\"font-weight: 400;\">Cookies de afiliados: permiten hacer un seguimiento de las visitas procedentes de otras webs, con las que el sitio Web establece un contrato de afiliaci\u00f3n (empresas de afiliaci\u00f3n).<\/span><\/li><li style=\"font-weight: 400;\" aria-level=\"1\"><span style=\"font-weight: 400;\">Cookies de publicidad y comportamentales: recogen informaci\u00f3n sobre las preferencias y elecciones personales del usuario (retargeting).<\/span><\/li><li style=\"font-weight: 400;\" aria-level=\"1\"><span style=\"font-weight: 400;\">Cookies t\u00e9cnicas y funcionales: son las estrictamente necesarias para el uso del sitio Web y para la prestaci\u00f3n del servicio contratado.<\/span><\/li><\/ul><p><span style=\"font-weight: 400;\">Cookies que se utilizan en este sitio Web<\/span><\/p><p><b>Cookies propias<\/b><\/p><ul><li style=\"font-weight: 400;\" aria-level=\"1\"><span style=\"font-weight: 400;\">sa_token: Cookie t\u00e9cnica y estrictamente necesaria que identifica al usuario. Caduca a los 30 d\u00edas.<\/span><\/li><li style=\"font-weight: 400;\" aria-level=\"1\"><span style=\"font-weight: 400;\">cookies-control: Cookie que habilita la funci\u00f3n de control de visitas \u00fanicas. Esta Cookie se instalar\u00e1 cuando el usuario pulse el bot\u00f3n \u00abAceptar\u00bb ubicado en el Banner de cookies. Cuando este usuario vuelva a entrar en la web con el mismo navegador, la Cookie considerar\u00e1 que es el mismo usuario. Solo en el caso de que el usuario cambie de navegador, se considerar\u00e1 otro usuario. Caduca a los 6 meses.<\/span><\/li><\/ul><p><b>Cookies de terceros<\/b><\/p><ul><li style=\"font-weight: 400;\" aria-level=\"1\"><span style=\"font-weight: 400;\">_stripe_mid: Cookie t\u00e9cnica para realizar pagos con Stripe. Caduca a los 30 minutos.<\/span><\/li><li style=\"font-weight: 400;\" aria-level=\"1\"><span style=\"font-weight: 400;\">_stripe_sid: Cookie t\u00e9cnica para realizar pagos con Stripe. Caduca al a\u00f1o.<\/span><span style=\"font-weight: 400;\"><br \/><\/span><span style=\"font-weight: 400;\">En\u00a0<\/span><a href=\"https:\/\/stripe.com\/es\/privacy\" target=\"_blank\" rel=\"noopener\"><span style=\"font-weight: 400;\">https:\/\/stripe.com\/es\/privacy<\/span><\/a><span style=\"font-weight: 400;\">\u00a0encontrar\u00e1s m\u00e1s informaci\u00f3n sobre la Pol\u00edtica de Privacidad de Stripe.<\/span><\/li><\/ul><p>\u00a0<\/p><p><span style=\"font-weight: 400;\">\u00bfC\u00f3mo puedo configurar las Cookies o deshabilitarlas?<\/span><\/p><p><span style=\"font-weight: 400;\">Puede aceptar, bloquear o eliminar las Cookies instaladas en su equipo mediante la configuraci\u00f3n de las opciones del navegador. En los siguientes enlaces encontrar\u00e1 instrucciones para habilitar o deshabilitar las Cookies en los navegadores m\u00e1s comunes:<\/span><\/p><ul><li style=\"font-weight: 400;\" aria-level=\"1\"><span style=\"font-weight: 400;\">Firefox\u00a0<\/span><a href=\"http:\/\/support.mozilla.org\/es\/kb\/habilitar-y-deshabilitar-Cookies-que-los-sitios-we\" target=\"_blank\" rel=\"noopener\"><span style=\"font-weight: 400;\">http:\/\/support.mozilla.org\/es\/kb\/habilitar-y-deshabilitar-Cookies-que-los-sitios-we<\/span><\/a><\/li><li style=\"font-weight: 400;\" aria-level=\"1\"><span style=\"font-weight: 400;\">Safari\u00a0<\/span><a href=\"http:\/\/support.apple.com\/kb\/HT1677?viewlocale=es_ES\" target=\"_blank\" rel=\"noopener\"><span style=\"font-weight: 400;\">http:\/\/support.apple.com\/kb\/HT1677?viewlocale=es_ES\/<\/span><\/a><\/li><li style=\"font-weight: 400;\" aria-level=\"1\"><span style=\"font-weight: 400;\">Google Chrome\u00a0<\/span><a href=\"https:\/\/support.google.com\/chrome\/answer\/95647?hl=es\" target=\"_blank\" rel=\"noopener\"><span style=\"font-weight: 400;\">https:\/\/support.google.com\/chrome\/answer\/95647?hl=es<\/span><\/a><\/li><li style=\"font-weight: 400;\" aria-level=\"1\"><span style=\"font-weight: 400;\">Otros navegadores Consulte la documentaci\u00f3n del navegador que tenga instalado.<\/span><\/li><\/ul><p><b>Advertencia sobre eliminar Cookies<\/b><span style=\"font-weight: 400;\"><br \/><\/span><span style=\"font-weight: 400;\">Puede eliminar y bloquear las Cookies de este sitio Web, pero parte del sitio no funcionar\u00e1 correctamente.<\/span><\/p><p>\u00a0<\/p><p><span style=\"font-weight: 400;\">\u00daltima actualizaci\u00f3n el 08 de Abril de 2021.<\/span><\/p>\t\t\t\t\t\t\t\t<\/div>\n\t\t\t\t<\/div>\n\t\t\t\t\t<\/div>\n\t\t<\/div>\n\t\t\t\t\t<\/div>\n\t\t<\/section>\n\t\t\t\t<\/div>","protected":false},"excerpt":{"rendered":"<p>POL\u00cdTICA DE COOKIES Debido a la entrada en vigor de la referente modificaci\u00f3n de la \u00abLey de Servicios de la Sociedad de la Informaci\u00f3n\u00bb (LSSICE) establecida por el Real Decreto 13\/2012, es de obligaci\u00f3n obtener el consentimiento expreso del usuario de todas las p\u00e1ginas web que usan Cookies prescindibles, antes de que \u00e9ste navegue por [&hellip;]<\/p>\n","protected":false},"author":1,"featured_media":0,"parent":0,"menu_order":0,"comment_status":"closed","ping_status":"closed","template":"","meta":{"site-sidebar-layout":"no-sidebar","site-content-layout":"page-builder","ast-site-content-layout":"default","site-content-style":"default","site-sidebar-style":"default","ast-global-header-display":"","ast-banner-title-visibility":"","ast-main-header-display":"","ast-hfb-above-header-display":"","ast-hfb-below-header-display":"","ast-hfb-mobile-header-display":"","site-post-title":"disabled","ast-breadcrumbs-content":"","ast-featured-img":"disabled","footer-sml-layout":"","ast-disable-related-posts":"","theme-transparent-header-meta":"default","adv-header-id-meta":"","stick-header-meta":"","header-above-stick-meta":"","header-main-stick-meta":"","header-below-stick-meta":"","astra-migrate-meta-layouts":"default","ast-page-background-enabled":"default","ast-page-background-meta":{"desktop":{"background-color":"","background-image":"","background-repeat":"repeat","background-position":"center center","background-size":"auto","background-attachment":"scroll","background-type":"","background-media":"","overlay-type":"","overlay-color":"","overlay-opacity":"","overlay-gradient":""},"tablet":{"background-color":"","background-image":"","background-repeat":"repeat","background-position":"center center","background-size":"auto","background-attachment":"scroll","background-type":"","background-media":"","overlay-type":"","overlay-color":"","overlay-opacity":"","overlay-gradient":""},"mobile":{"background-color":"","background-image":"","background-repeat":"repeat","background-position":"center center","background-size":"auto","background-attachment":"scroll","background-type":"","background-media":"","overlay-type":"","overlay-color":"","overlay-opacity":"","overlay-gradient":""}},"ast-content-background-meta":{"desktop":{"background-color":"var(--ast-global-color-5)","background-image":"","background-repeat":"repeat","background-position":"center center","background-size":"auto","background-attachment":"scroll","background-type":"","background-media":"","overlay-type":"","overlay-color":"","overlay-opacity":"","overlay-gradient":""},"tablet":{"background-color":"var(--ast-global-color-5)","background-image":"","background-repeat":"repeat","background-position":"center center","background-size":"auto","background-attachment":"scroll","background-type":"","background-media":"","overlay-type":"","overlay-color":"","overlay-opacity":"","overlay-gradient":""},"mobile":{"background-color":"var(--ast-global-color-5)","background-image":"","background-repeat":"repeat","background-position":"center center","background-size":"auto","background-attachment":"scroll","background-type":"","background-media":"","overlay-type":"","overlay-color":"","overlay-opacity":"","overlay-gradient":""}},"footnotes":""},"class_list":["post-816","page","type-page","status-publish","hentry"],"_links":{"self":[{"href":"https:\/\/rodrigoabogados.com\/en\/wp-json\/wp\/v2\/pages\/816","targetHints":{"allow":["GET"]}}],"collection":[{"href":"https:\/\/rodrigoabogados.com\/en\/wp-json\/wp\/v2\/pages"}],"about":[{"href":"https:\/\/rodrigoabogados.com\/en\/wp-json\/wp\/v2\/types\/page"}],"author":[{"embeddable":true,"href":"https:\/\/rodrigoabogados.com\/en\/wp-json\/wp\/v2\/users\/1"}],"replies":[{"embeddable":true,"href":"https:\/\/rodrigoabogados.com\/en\/wp-json\/wp\/v2\/comments?post=816"}],"version-history":[{"count":0,"href":"https:\/\/rodrigoabogados.com\/en\/wp-json\/wp\/v2\/pages\/816\/revisions"}],"wp:attachment":[{"href":"https:\/\/rodrigoabogados.com\/en\/wp-json\/wp\/v2\/media?parent=816"}],"curies":[{"name":"wp","href":"https:\/\/api.w.org\/{rel}","templated":true}]}}