{"id":665,"date":"2021-02-24T13:05:27","date_gmt":"2021-02-24T12:05:27","guid":{"rendered":"https:\/\/nueva2.rodrigoabogados.com\/?page_id=665"},"modified":"2021-04-19T11:13:06","modified_gmt":"2021-04-19T09:13:06","slug":"socios","status":"publish","type":"page","link":"https:\/\/rodrigoabogados.com\/en\/socios\/","title":{"rendered":"PARTNERS"},"content":{"rendered":"<div data-elementor-type=\"wp-page\" data-elementor-id=\"665\" class=\"elementor elementor-665\" data-elementor-post-type=\"page\">\n\t\t\t\t\t\t<section class=\"elementor-section elementor-top-section elementor-element elementor-element-aea6d6e elementor-section-full_width elementor-section-height-default elementor-section-height-default\" data-id=\"aea6d6e\" data-element_type=\"section\" data-e-type=\"section\">\n\t\t\t\t\t\t\t<div class=\"elementor-background-overlay\"><\/div>\n\t\t\t\t\t\t\t<div class=\"elementor-container elementor-column-gap-default\">\n\t\t\t\t\t<div class=\"elementor-column elementor-col-100 elementor-top-column elementor-element elementor-element-d1e4ba7\" data-id=\"d1e4ba7\" data-element_type=\"column\" data-e-type=\"column\">\n\t\t\t<div class=\"elementor-widget-wrap elementor-element-populated\">\n\t\t\t\t\t\t<div class=\"elementor-element elementor-element-754d6dd elementor-widget elementor-widget-heading\" data-id=\"754d6dd\" data-element_type=\"widget\" data-e-type=\"widget\" data-widget_type=\"heading.default\">\n\t\t\t\t<div class=\"elementor-widget-container\">\n\t\t\t\t\t<h1 class=\"elementor-heading-title elementor-size-default\">PARTNERS<\/h1>\t\t\t\t<\/div>\n\t\t\t\t<\/div>\n\t\t\t\t\t<\/div>\n\t\t<\/div>\n\t\t\t\t\t<\/div>\n\t\t<\/section>\n\t\t\t\t<section class=\"elementor-section elementor-top-section elementor-element elementor-element-4eacd708 elementor-section-boxed elementor-section-height-default elementor-section-height-default\" data-id=\"4eacd708\" data-element_type=\"section\" data-e-type=\"section\">\n\t\t\t\t\t\t<div class=\"elementor-container elementor-column-gap-wide\">\n\t\t\t\t\t<div class=\"elementor-column elementor-col-50 elementor-top-column elementor-element elementor-element-13c2251a\" data-id=\"13c2251a\" data-element_type=\"column\" data-e-type=\"column\">\n\t\t\t<div class=\"elementor-widget-wrap elementor-element-populated\">\n\t\t\t\t\t\t<div class=\"elementor-element elementor-element-1f630262 elementor-widget elementor-widget-image\" data-id=\"1f630262\" data-element_type=\"widget\" data-e-type=\"widget\" data-widget_type=\"image.default\">\n\t\t\t\t<div class=\"elementor-widget-container\">\n\t\t\t\t\t\t\t\t\t\t\t\t\t\t\t\t<a href=\"\/en\/angel-brioso\/\">\n\t\t\t\t\t\t\t<img fetchpriority=\"high\" decoding=\"async\" width=\"300\" height=\"505\" src=\"https:\/\/rodrigoabogados.com\/wp-content\/uploads\/2021\/02\/DSC0045111-2.jpg\" class=\"elementor-animation-shrink attachment-full size-full wp-image-298\" alt=\"\" srcset=\"https:\/\/rodrigoabogados.com\/wp-content\/uploads\/2021\/02\/DSC0045111-2.jpg 300w, https:\/\/rodrigoabogados.com\/wp-content\/uploads\/2021\/02\/DSC0045111-2-178x300.jpg 178w, https:\/\/rodrigoabogados.com\/wp-content\/uploads\/2021\/02\/DSC0045111-2-7x12.jpg 7w\" sizes=\"(max-width: 300px) 100vw, 300px\" \/>\t\t\t\t\t\t\t\t<\/a>\n\t\t\t\t\t\t\t\t\t\t\t\t\t\t\t<\/div>\n\t\t\t\t<\/div>\n\t\t\t\t<div class=\"elementor-element elementor-element-7f5b5682 elementor-invisible elementor-widget elementor-widget-heading\" data-id=\"7f5b5682\" data-element_type=\"widget\" data-e-type=\"widget\" data-settings=\"{&quot;_animation&quot;:&quot;fadeIn&quot;}\" data-widget_type=\"heading.default\">\n\t\t\t\t<div class=\"elementor-widget-container\">\n\t\t\t\t\t<h3 class=\"elementor-heading-title elementor-size-default\">\u00c1ngel Brioso<\/h3>\t\t\t\t<\/div>\n\t\t\t\t<\/div>\n\t\t\t\t<div class=\"elementor-element elementor-element-2245673a elementor-hidden-desktop elementor-hidden-tablet elementor-widget elementor-widget-tp-button\" data-id=\"2245673a\" data-element_type=\"widget\" data-e-type=\"widget\" data-widget_type=\"tp-button.default\">\n\t\t\t\t<div class=\"elementor-widget-container\">\n\t\t\t\t\t<div class=\"pt-plus-button-wrapper   text-center\"><div class=\"button_parallax\"><div id=\"button69dfdf6cd2f98\"  class=\"text-center ts-button content_hover_effect\" ><div class=\"pt_plus_button btn69dfdf6cd2f95 button-style-10\"  ><div class=\"animted-content-inner hover_pulse\"><a href=\"\/en\/angel-brioso\/\" class=\"button-link-wrap\" role=\"button\" data-hover=\"M\u00c1S INFORMACI\u00d3N\" aria-label|bot\u00f3n biograf\u00eda angel brioso>M\u00c1S INFORMACI\u00d3N<span class=\"btn-icon button-after\"><i aria-hidden=\"true\" class=\"fas fa-arrow-alt-circle-right\"><\/i><\/span><\/a><\/div><\/div><\/div><\/div><\/div>\t\t\t\t<\/div>\n\t\t\t\t<\/div>\n\t\t\t\t\t<\/div>\n\t\t<\/div>\n\t\t\t\t<div class=\"elementor-column elementor-col-50 elementor-top-column elementor-element elementor-element-7d6d2f21\" data-id=\"7d6d2f21\" data-element_type=\"column\" data-e-type=\"column\">\n\t\t\t<div class=\"elementor-widget-wrap elementor-element-populated\">\n\t\t\t\t\t\t<div class=\"elementor-element elementor-element-6a8b7971 elementor-widget elementor-widget-image\" data-id=\"6a8b7971\" data-element_type=\"widget\" data-e-type=\"widget\" data-widget_type=\"image.default\">\n\t\t\t\t<div class=\"elementor-widget-container\">\n\t\t\t\t\t\t\t\t\t\t\t\t\t\t\t\t<a href=\"\/en\/jorge-angell\/\">\n\t\t\t\t\t\t\t<img decoding=\"async\" width=\"300\" height=\"505\" src=\"https:\/\/rodrigoabogados.com\/wp-content\/uploads\/2021\/02\/DSC0045311-2.jpg\" class=\"elementor-animation-shrink attachment-full size-full wp-image-299\" alt=\"\" srcset=\"https:\/\/rodrigoabogados.com\/wp-content\/uploads\/2021\/02\/DSC0045311-2.jpg 300w, https:\/\/rodrigoabogados.com\/wp-content\/uploads\/2021\/02\/DSC0045311-2-178x300.jpg 178w, https:\/\/rodrigoabogados.com\/wp-content\/uploads\/2021\/02\/DSC0045311-2-7x12.jpg 7w\" sizes=\"(max-width: 300px) 100vw, 300px\" \/>\t\t\t\t\t\t\t\t<\/a>\n\t\t\t\t\t\t\t\t\t\t\t\t\t\t\t<\/div>\n\t\t\t\t<\/div>\n\t\t\t\t<div class=\"elementor-element elementor-element-6233556e elementor-invisible elementor-widget elementor-widget-heading\" data-id=\"6233556e\" data-element_type=\"widget\" data-e-type=\"widget\" data-settings=\"{&quot;_animation&quot;:&quot;fadeIn&quot;}\" data-widget_type=\"heading.default\">\n\t\t\t\t<div class=\"elementor-widget-container\">\n\t\t\t\t\t<h3 class=\"elementor-heading-title elementor-size-default\">Jorge Angell<\/h3>\t\t\t\t<\/div>\n\t\t\t\t<\/div>\n\t\t\t\t<div class=\"elementor-element elementor-element-6e53678d elementor-hidden-desktop elementor-hidden-tablet elementor-widget elementor-widget-tp-button\" data-id=\"6e53678d\" data-element_type=\"widget\" data-e-type=\"widget\" data-widget_type=\"tp-button.default\">\n\t\t\t\t<div class=\"elementor-widget-container\">\n\t\t\t\t\t<div class=\"pt-plus-button-wrapper   text-center\"><div class=\"button_parallax\"><div id=\"button69dfdf6cd3e23\"  class=\"text-center ts-button content_hover_effect\" ><div class=\"pt_plus_button btn69dfdf6cd3e21 button-style-10\"  ><div class=\"animted-content-inner hover_pulse\"><a href=\"\/en\/jorge-angell\/\" class=\"button-link-wrap\" role=\"button\" data-hover=\"M\u00c1S INFORMACI\u00d3N\" aria-label|bot\u00f3n biograf\u00eda jorge angell>M\u00c1S INFORMACI\u00d3N<span class=\"btn-icon button-after\"><i aria-hidden=\"true\" class=\"fas fa-arrow-alt-circle-right\"><\/i><\/span><\/a><\/div><\/div><\/div><\/div><\/div>\t\t\t\t<\/div>\n\t\t\t\t<\/div>\n\t\t\t\t\t<\/div>\n\t\t<\/div>\n\t\t\t\t\t<\/div>\n\t\t<\/section>\n\t\t\t\t<\/div>","protected":false},"excerpt":{"rendered":"<p>\u00c1ngel Brioso M\u00c1S INFORMACI\u00d3N Jorge Angell M\u00c1S INFORMACI\u00d3N<\/p>","protected":false},"author":1,"featured_media":0,"parent":0,"menu_order":0,"comment_status":"closed","ping_status":"closed","template":"","meta":{"site-sidebar-layout":"no-sidebar","site-content-layout":"page-builder","ast-site-content-layout":"default","site-content-style":"default","site-sidebar-style":"default","ast-global-header-display":"","ast-banner-title-visibility":"","ast-main-header-display":"","ast-hfb-above-header-display":"","ast-hfb-below-header-display":"","ast-hfb-mobile-header-display":"","site-post-title":"disabled","ast-breadcrumbs-content":"","ast-featured-img":"disabled","footer-sml-layout":"","ast-disable-related-posts":"","theme-transparent-header-meta":"default","adv-header-id-meta":"","stick-header-meta":"","header-above-stick-meta":"","header-main-stick-meta":"","header-below-stick-meta":"","astra-migrate-meta-layouts":"default","ast-page-background-enabled":"default","ast-page-background-meta":{"desktop":{"background-color":"","background-image":"","background-repeat":"repeat","background-position":"center center","background-size":"auto","background-attachment":"scroll","background-type":"","background-media":"","overlay-type":"","overlay-color":"","overlay-opacity":"","overlay-gradient":""},"tablet":{"background-color":"","background-image":"","background-repeat":"repeat","background-position":"center center","background-size":"auto","background-attachment":"scroll","background-type":"","background-media":"","overlay-type":"","overlay-color":"","overlay-opacity":"","overlay-gradient":""},"mobile":{"background-color":"","background-image":"","background-repeat":"repeat","background-position":"center center","background-size":"auto","background-attachment":"scroll","background-type":"","background-media":"","overlay-type":"","overlay-color":"","overlay-opacity":"","overlay-gradient":""}},"ast-content-background-meta":{"desktop":{"background-color":"var(--ast-global-color-5)","background-image":"","background-repeat":"repeat","background-position":"center center","background-size":"auto","background-attachment":"scroll","background-type":"","background-media":"","overlay-type":"","overlay-color":"","overlay-opacity":"","overlay-gradient":""},"tablet":{"background-color":"var(--ast-global-color-5)","background-image":"","background-repeat":"repeat","background-position":"center center","background-size":"auto","background-attachment":"scroll","background-type":"","background-media":"","overlay-type":"","overlay-color":"","overlay-opacity":"","overlay-gradient":""},"mobile":{"background-color":"var(--ast-global-color-5)","background-image":"","background-repeat":"repeat","background-position":"center center","background-size":"auto","background-attachment":"scroll","background-type":"","background-media":"","overlay-type":"","overlay-color":"","overlay-opacity":"","overlay-gradient":""}},"footnotes":""},"class_list":["post-665","page","type-page","status-publish","hentry"],"_links":{"self":[{"href":"https:\/\/rodrigoabogados.com\/en\/wp-json\/wp\/v2\/pages\/665","targetHints":{"allow":["GET"]}}],"collection":[{"href":"https:\/\/rodrigoabogados.com\/en\/wp-json\/wp\/v2\/pages"}],"about":[{"href":"https:\/\/rodrigoabogados.com\/en\/wp-json\/wp\/v2\/types\/page"}],"author":[{"embeddable":true,"href":"https:\/\/rodrigoabogados.com\/en\/wp-json\/wp\/v2\/users\/1"}],"replies":[{"embeddable":true,"href":"https:\/\/rodrigoabogados.com\/en\/wp-json\/wp\/v2\/comments?post=665"}],"version-history":[{"count":0,"href":"https:\/\/rodrigoabogados.com\/en\/wp-json\/wp\/v2\/pages\/665\/revisions"}],"wp:attachment":[{"href":"https:\/\/rodrigoabogados.com\/en\/wp-json\/wp\/v2\/media?parent=665"}],"curies":[{"name":"wp","href":"https:\/\/api.w.org\/{rel}","templated":true}]}}