{"id":605,"date":"2021-02-18T23:55:39","date_gmt":"2021-02-18T22:55:39","guid":{"rendered":"https:\/\/nueva2.rodrigoabogados.com\/?page_id=605"},"modified":"2021-04-09T02:06:28","modified_gmt":"2021-04-09T00:06:28","slug":"aviso-legal-y-condiciones-de-uso","status":"publish","type":"page","link":"https:\/\/rodrigoabogados.com\/en\/aviso-legal-y-condiciones-de-uso\/","title":{"rendered":"AVISO LEGAL Y CONDICIONES DE USO"},"content":{"rendered":"<div data-elementor-type=\"wp-page\" data-elementor-id=\"605\" class=\"elementor elementor-605\" data-elementor-post-type=\"page\">\n\t\t\t\t\t\t<section class=\"elementor-section elementor-top-section elementor-element elementor-element-c844270 elementor-section-boxed elementor-section-height-default elementor-section-height-default\" data-id=\"c844270\" data-element_type=\"section\" data-e-type=\"section\">\n\t\t\t\t\t\t<div class=\"elementor-container elementor-column-gap-default\">\n\t\t\t\t\t<div class=\"elementor-column elementor-col-100 elementor-top-column elementor-element elementor-element-ebc5429\" data-id=\"ebc5429\" data-element_type=\"column\" data-e-type=\"column\">\n\t\t\t<div class=\"elementor-widget-wrap elementor-element-populated\">\n\t\t\t\t\t\t<div class=\"elementor-element elementor-element-d47b8d8 elementor-widget elementor-widget-heading\" data-id=\"d47b8d8\" data-element_type=\"widget\" data-e-type=\"widget\" data-widget_type=\"heading.default\">\n\t\t\t\t<div class=\"elementor-widget-container\">\n\t\t\t\t\t<h1 class=\"elementor-heading-title elementor-size-large\">AVISO LEGAL Y CONDICIONES DE USO<\/h1>\t\t\t\t<\/div>\n\t\t\t\t<\/div>\n\t\t\t\t<div class=\"elementor-element elementor-element-6264dbc elementor-widget elementor-widget-text-editor\" data-id=\"6264dbc\" data-element_type=\"widget\" data-e-type=\"widget\" data-widget_type=\"text-editor.default\">\n\t\t\t\t<div class=\"elementor-widget-container\">\n\t\t\t\t\t\t\t\t\t<span style=\"font-weight: 400;\">En cumplimiento del art\u00edculo 10 de la Ley 34\/2002, de 11 de julio, de Servicios de la Sociedad de la Informaci\u00f3n y Comercio Electr\u00f3nico te informamos que el Titular del sitio web <\/span><a href=\"https:\/\/rodrigoabogados.com\/en\/\"><span style=\"font-weight: 400;\">www.rodrigoabogados.com<\/span><\/a><span style=\"font-weight: 400;\"> (en adelante, el &#8216;sitio Web&#8217;), es L. C. Rodrigo Abogados Sociedad Civil Profesional (en adelante, LC RODRIGO ABOGADOS), con CIF J28613438 y domicilio social en calle Vel\u00e1zquez 11, 2\u00ba derecha. 28001 Madrid, Espa\u00f1a.<\/span>\n\n<span style=\"font-weight: 400;\">Puedes contactar con LC RODRIGO ABOGADOS a trav\u00e9s del correo electr\u00f3nico <\/span><a href=\"mailto:info@rodrigoabogados.com\"><span style=\"font-weight: 400;\">info@rodrigoabogados.com<\/span><\/a><span style=\"font-weight: 400;\">\u00a0 y a trav\u00e9s de las formas de contacto que encontrar\u00e1s en\u00a0<\/span><a href=\"https:\/\/rodrigoabogados.com\/en\/contacto\/\"><span style=\"font-weight: 400;\">www.rodrigoabogados.com\/contacto\/<\/span><\/a><span style=\"font-weight: 400;\">\u00a0\u00a0\u00a0<\/span>\n<ol>\n \t<li><span style=\"font-weight: 400;\"> Objeto<\/span><\/li>\n<\/ol>\n<span style=\"font-weight: 400;\">La finalidad del sitio Web de LC RODRIGO ABOGADOS tiene por objeto informar sobre las actividades que realiza y de los servicios que presta y atender las solicitudes de informaci\u00f3n.<\/span>\n<ol start=\"2\">\n \t<li><span style=\"font-weight: 400;\"> Condiciones de Uso<\/span><\/li>\n<\/ol>\n<span style=\"font-weight: 400;\">La utilizaci\u00f3n del sitio Web te otorga la condici\u00f3n de Usuario y est\u00e1 condicionado a la lectura previa y aceptaci\u00f3n completa, expresa y sin reservas de todas las cl\u00e1usulas y condiciones de uso incluidas en este Aviso Legal, en la Pol\u00edtica de Privacidad y en la Pol\u00edtica de Cookies a las que puedes acceder desde estos enlaces:<\/span>\n<ul>\n \t<li style=\"font-weight: 400;\" aria-level=\"1\"><span style=\"font-weight: 400;\">Pol\u00edtica de Privacidad:<\/span><a href=\"\/en\/politica-de-privacidad\/\"><span style=\"font-weight: 400;\"> https:\/\/rodrigoabogados.com\/politica-de-privacidad\/<\/span><\/a><\/li>\n \t<li style=\"font-weight: 400;\" aria-level=\"1\"><span style=\"font-weight: 400;\">Pol\u00edtica de Cookies:\u00a0<\/span><a href=\"\/en\/politica-de-cookies\/\"><span style=\"font-weight: 400;\">https:\/\/rodrigoabogados.com\/politica-de-cookies\/<\/span><\/a><\/li>\n<\/ul>\n<span style=\"font-weight: 400;\">Si no est\u00e1s conforme con todas y cada una de estas cl\u00e1usulas y condiciones te abstendr\u00e1s de utilizar el sitio Web.<\/span>\n<ol start=\"3\">\n \t<li><span style=\"font-weight: 400;\"> Contenido<\/span><\/li>\n<\/ol>\n<span style=\"font-weight: 400;\">A trav\u00e9s del sitio Web, LC RODRIGO ABOGADOS te facilita el acceso y la utilizaci\u00f3n de diversos contenidos que LC RODRIGO ABOGADOS o sus colaboradores han publicado por medio de Internet.<\/span>\n\n<span style=\"font-weight: 400;\">A tal efecto, te obligas y comprometes a NO utilizar cualquiera de los contenidos del sitio Web con fines o efectos il\u00edcitos, prohibidos en este Aviso Legal o por la legislaci\u00f3n vigente, lesivos de los derechos e intereses de terceros, o que de cualquier forma puedan da\u00f1ar, inutilizar, sobrecargar, deteriorar o impedir la normal utilizaci\u00f3n de los contenidos, los equipos inform\u00e1ticos o los documentos, archivos y toda clase de contenidos almacenados en cualquier equipo inform\u00e1tico propios o contratados por LC Rodrigo Abogados, de otros Usuarios o de cualquier usuario de Internet.<\/span>\n\n<span style=\"font-weight: 400;\">En todo caso, LC RODRIGO ABOGADOS se compromete a la retirada inmediata de cualquier contenido que pudiera contravenir la legislaci\u00f3n nacional o internacional, la moral o el orden p\u00fablico, y ponerlo en conocimiento de las autoridades competentes.<\/span>\n<ol start=\"4\">\n \t<li><span style=\"font-weight: 400;\"> Enlaces a otros sitios Web<\/span><\/li>\n<\/ol>\n<span style=\"font-weight: 400;\">LC RODRIGO ABOGADOS puede proporcionarte acceso a otros sitios Web ajenos mediante enlaces con la finalidad exclusiva de informarte sobre la existencia de otras fuentes de informaci\u00f3n en Internet en las que podr\u00e1s ampliar los datos ofrecidos en el sitio Web. Estos enlaces a otros sitios Web no suponen en ning\u00fan caso una sugerencia o recomendaci\u00f3n para que visites las p\u00e1ginas web de destino, que est\u00e1n fuera del control de LC RODRIGO ABOGADOS y sobre las que no asume ninguna responsabilidad respecto a dichos contenidos ni del resultado que obtengas al seguir los enlaces.<\/span>\n\n<span style=\"font-weight: 400;\">En todo caso, LC RODRIGO ABOGADOS se compromete a la eliminaci\u00f3n de cualquier enlace o redirecci\u00f3n que pudiera contravenir la legislaci\u00f3n nacional o internacional, la moral o el orden p\u00fablico, y ponerlo en conocimiento de las autoridades competentes.<\/span>\n<ol start=\"5\">\n \t<li><span style=\"font-weight: 400;\"> Modificaciones<\/span><\/li>\n<\/ol>\n<span style=\"font-weight: 400;\">LC RODRIGO ABOGADOS se reserva el derecho a modificar, suspender, cancelar o restringir el contenido del sitio Web, su dise\u00f1o y los enlaces contenidos sin necesidad de previo aviso.<\/span>\n<ol start=\"6\">\n \t<li><span style=\"font-weight: 400;\"> Exenci\u00f3n de responsabilidades<\/span><\/li>\n<\/ol>\n<span style=\"font-weight: 400;\">LC RODRIGO ABOGADOS no garantiza la inexistencia de errores en el acceso o en el contenido del sitio Web, ni que estos se encuentren actualizados, aunque LC RODRIGO ABOGADOS realizar\u00e1 los mayores esfuerzos para evitarlos, corregirlos o para mantener actualizada su informaci\u00f3n.<\/span>\n\n<span style=\"font-weight: 400;\">LC RODRIGO ABOGADOS no se hace responsable por los da\u00f1os que se puedan causar en los equipos o sistemas de los usuarios por posibles virus inform\u00e1ticos que se hubieran podido contraer por la navegaci\u00f3n del usuario en el sitio Web.<\/span>\n<ol start=\"7\">\n \t<li><span style=\"font-weight: 400;\"> Medidas de seguridad<\/span><\/li>\n<\/ol>\n<span style=\"font-weight: 400;\">El sitio Web utiliza un certificado de seguridad TLS para asegurar la autenticidad del servidor y la integridad y cifrado de las comunicaciones entre el Usuario y LC Rodrigo Abogados.<\/span>\n\n<span style=\"font-weight: 400;\">No obstante, debes ser consciente de que las medidas de seguridad de los sistemas inform\u00e1ticos en Internet no son enteramente fiables y que, por tanto, LC RODRIGO ABOGADOS no puede garantizar la inexistencia de virus u otros elementos que puedan producir alteraciones en los sistemas inform\u00e1ticos (software y hardware) del Usuario o en sus documentos electr\u00f3nicos y ficheros contenidos en los mismos. Aunque LC RODRIGO ABOGADOS pone todos los medios necesarios y toma las medidas de seguridad oportunas para evitar la presencia de estos elementos da\u00f1inos.<\/span>\n<ol start=\"8\">\n \t<li><span style=\"font-weight: 400;\"> Datos personales<\/span><\/li>\n<\/ol>\n<span style=\"font-weight: 400;\">Puedes consultar toda la informaci\u00f3n relativa al tratamiento de datos personales que realiza LC RODRIGO ABOGADOS en la p\u00e1gina de\u00a0<\/span><a href=\"https:\/\/superadmin.es\/legal\/politica-de-privacidad\/\" target=\"_blank\" rel=\"noopener\"><span style=\"font-weight: 400;\">Pol\u00edtica de Privacidad<\/span><\/a><span style=\"font-weight: 400;\">.<\/span>\n<ol start=\"9\">\n \t<li><span style=\"font-weight: 400;\"> Pol\u00edtica de cookies<\/span><\/li>\n<\/ol>\n<span style=\"font-weight: 400;\">Puedes consultar toda la informaci\u00f3n relativa a la pol\u00edtica de recogida y tratamiento de las cookies en la p\u00e1gina de\u00a0<\/span><a href=\"https:\/\/superadmin.es\/legal\/politica-de-cookies\/\" target=\"_blank\" rel=\"noopener\"><span style=\"font-weight: 400;\">Pol\u00edtica de Cookies<\/span><\/a><span style=\"font-weight: 400;\">.<\/span>\n<ol start=\"10\">\n \t<li><span style=\"font-weight: 400;\"> Propiedad intelectual<\/span><\/li>\n<\/ol>\n<span style=\"font-weight: 400;\">Todos los derechos de propiedad intelectual, industrial o de cualquier otro tipo de este Sitio Web y su dise\u00f1o gr\u00e1fico son propiedad exclusiva de LC RODRIGO ABOGADOS, o bien de un tercero que ha autorizado la utilizaci\u00f3n de estos, por lo que es a LC RODRIGO ABOGADOS a quien le corresponde el ejercicio exclusivo de los derechos de explotaci\u00f3n de los mismos. El Usuario deber\u00e1 respetar en todo momento todos los derechos de propiedad intelectual e industrial sobre el Sitio Web ya sean titularidad de LC RODRIGO ABOGADOS o de terceros.<\/span>\n\n<span style=\"font-weight: 400;\">LC RODRIGO ABOGADOS no concede al Usuario ning\u00fan tipo de licencia o autorizaci\u00f3n de uso de ninguna clase sobre sus derechos de propiedad intelectual o industrial sobre los contenidos o elementos integrantes del Sitio Web. El Usuario queda \u00fanicamente autorizado a visualizar el contenido para su uso personal.\u00a0<\/span>\n\n<span style=\"font-weight: 400;\">Queda expresamente prohibido al Usuario cualquier transmisi\u00f3n, transformaci\u00f3n, modificaci\u00f3n, edici\u00f3n, comunicaci\u00f3n p\u00fablica, puesta a disposici\u00f3n, extracci\u00f3n, reutilizaci\u00f3n, distribuci\u00f3n, copia, reproducci\u00f3n o almacenamiento, total o parcial, de los contenidos del Sitio Web salvo previo y expreso consentimiento por escrito de LC RODRIGO ABOGADOS o por quien ostente la titularidad de estos; o que ello est\u00e9 permitido por la legislaci\u00f3n vigente.\u00a0\u00a0<\/span>\n\n<span style=\"font-weight: 400;\">No obstante, LC RODRIGO ABOGADOS autoriza a los usuarios a utilizar, visualizar, imprimir, descargar y almacenar los contenidos gratuitos y\/o los elementos insertados en el Sitio web cuando expresamente as\u00ed se indique; siempre que en todo caso se indique el origen y\/o autor de estos y que, en su caso, aparezca el s\u00edmbolo del copyright y\/o notas de propiedad industrial de sus titulares. Queda terminantemente prohibida la explotaci\u00f3n de tales activos (reproducci\u00f3n, comunicaci\u00f3n, distribuci\u00f3n, transformaci\u00f3n, etc.). Para cualquier otro uso distinto de los expresamente permitidos, ser\u00e1 necesario obtener el consentimiento previo por escrito del titular de los derechos que se traten.<\/span>\n\n<span style=\"font-weight: 400;\">El Usuario se compromete a abstenerse de suprimir, eludir o manipular el \u201ccopyright\u201d y dem\u00e1s datos identificativos de los derechos de sus titulares incorporados a los contenidos del Sitio Web.<\/span>\n<ol start=\"11\">\n \t<li><span style=\"font-weight: 400;\"> Legislaci\u00f3n aplicable y Jurisdicci\u00f3n<\/span><\/li>\n<\/ol>\n<span style=\"font-weight: 400;\">Para la resoluci\u00f3n de todas las controversias o cuestiones relacionadas con el sitio Web o de las actividades en \u00e9l desarrolladas, ser\u00e1 de aplicaci\u00f3n la legislaci\u00f3n espa\u00f1ola, a la que se someten expresamente las partes, siendo competentes para la resoluci\u00f3n de todos los conflictos derivados o relacionados con su uso los Juzgados y Tribunales m\u00e1s cercanos a Madrid.<\/span>\n\n<span style=\"font-weight: 400;\">En caso de que cualquier cl\u00e1usula del presente documento sea declarada nula, las dem\u00e1s cl\u00e1usulas seguir\u00e1n vigentes y se interpretar\u00e1n teniendo en cuenta la voluntad de las partes y la finalidad misma de las presentes condiciones.<\/span>\n\n<span style=\"font-weight: 400;\">\u00daltima actualizaci\u00f3n el 08 de abril de 2021.<\/span>\t\t\t\t\t\t\t\t<\/div>\n\t\t\t\t<\/div>\n\t\t\t\t\t<\/div>\n\t\t<\/div>\n\t\t\t\t\t<\/div>\n\t\t<\/section>\n\t\t\t\t<\/div>","protected":false},"excerpt":{"rendered":"<p>AVISO LEGAL Y CONDICIONES DE USO En cumplimiento del art\u00edculo 10 de la Ley 34\/2002, de 11 de julio, de Servicios de la Sociedad de la Informaci\u00f3n y Comercio Electr\u00f3nico te informamos que el Titular del sitio web www.rodrigoabogados.com (en adelante, el &#8216;sitio Web&#8217;), es L. C. Rodrigo Abogados Sociedad Civil Profesional (en adelante, LC [&hellip;]<\/p>\n","protected":false},"author":1,"featured_media":0,"parent":0,"menu_order":0,"comment_status":"closed","ping_status":"closed","template":"","meta":{"site-sidebar-layout":"no-sidebar","site-content-layout":"page-builder","ast-site-content-layout":"default","site-content-style":"default","site-sidebar-style":"default","ast-global-header-display":"","ast-banner-title-visibility":"","ast-main-header-display":"","ast-hfb-above-header-display":"","ast-hfb-below-header-display":"","ast-hfb-mobile-header-display":"","site-post-title":"disabled","ast-breadcrumbs-content":"","ast-featured-img":"disabled","footer-sml-layout":"","ast-disable-related-posts":"","theme-transparent-header-meta":"default","adv-header-id-meta":"","stick-header-meta":"","header-above-stick-meta":"","header-main-stick-meta":"","header-below-stick-meta":"","astra-migrate-meta-layouts":"default","ast-page-background-enabled":"default","ast-page-background-meta":{"desktop":{"background-color":"","background-image":"","background-repeat":"repeat","background-position":"center center","background-size":"auto","background-attachment":"scroll","background-type":"","background-media":"","overlay-type":"","overlay-color":"","overlay-opacity":"","overlay-gradient":""},"tablet":{"background-color":"","background-image":"","background-repeat":"repeat","background-position":"center center","background-size":"auto","background-attachment":"scroll","background-type":"","background-media":"","overlay-type":"","overlay-color":"","overlay-opacity":"","overlay-gradient":""},"mobile":{"background-color":"","background-image":"","background-repeat":"repeat","background-position":"center center","background-size":"auto","background-attachment":"scroll","background-type":"","background-media":"","overlay-type":"","overlay-color":"","overlay-opacity":"","overlay-gradient":""}},"ast-content-background-meta":{"desktop":{"background-color":"var(--ast-global-color-5)","background-image":"","background-repeat":"repeat","background-position":"center center","background-size":"auto","background-attachment":"scroll","background-type":"","background-media":"","overlay-type":"","overlay-color":"","overlay-opacity":"","overlay-gradient":""},"tablet":{"background-color":"var(--ast-global-color-5)","background-image":"","background-repeat":"repeat","background-position":"center center","background-size":"auto","background-attachment":"scroll","background-type":"","background-media":"","overlay-type":"","overlay-color":"","overlay-opacity":"","overlay-gradient":""},"mobile":{"background-color":"var(--ast-global-color-5)","background-image":"","background-repeat":"repeat","background-position":"center center","background-size":"auto","background-attachment":"scroll","background-type":"","background-media":"","overlay-type":"","overlay-color":"","overlay-opacity":"","overlay-gradient":""}},"footnotes":""},"class_list":["post-605","page","type-page","status-publish","hentry"],"_links":{"self":[{"href":"https:\/\/rodrigoabogados.com\/en\/wp-json\/wp\/v2\/pages\/605","targetHints":{"allow":["GET"]}}],"collection":[{"href":"https:\/\/rodrigoabogados.com\/en\/wp-json\/wp\/v2\/pages"}],"about":[{"href":"https:\/\/rodrigoabogados.com\/en\/wp-json\/wp\/v2\/types\/page"}],"author":[{"embeddable":true,"href":"https:\/\/rodrigoabogados.com\/en\/wp-json\/wp\/v2\/users\/1"}],"replies":[{"embeddable":true,"href":"https:\/\/rodrigoabogados.com\/en\/wp-json\/wp\/v2\/comments?post=605"}],"version-history":[{"count":0,"href":"https:\/\/rodrigoabogados.com\/en\/wp-json\/wp\/v2\/pages\/605\/revisions"}],"wp:attachment":[{"href":"https:\/\/rodrigoabogados.com\/en\/wp-json\/wp\/v2\/media?parent=605"}],"curies":[{"name":"wp","href":"https:\/\/api.w.org\/{rel}","templated":true}]}}