{"id":593,"date":"2021-02-18T23:46:56","date_gmt":"2021-02-18T22:46:56","guid":{"rendered":"https:\/\/nueva2.rodrigoabogados.com\/?page_id=593"},"modified":"2021-04-09T01:44:40","modified_gmt":"2021-04-08T23:44:40","slug":"politica-de-privacidad","status":"publish","type":"page","link":"https:\/\/rodrigoabogados.com\/en\/politica-de-privacidad\/","title":{"rendered":"POL\u00cdTICA DE PRIVACIDAD"},"content":{"rendered":"<div data-elementor-type=\"wp-page\" data-elementor-id=\"593\" class=\"elementor elementor-593\" data-elementor-post-type=\"page\">\n\t\t\t\t\t\t<section class=\"elementor-section elementor-top-section elementor-element elementor-element-c844270 elementor-section-boxed elementor-section-height-default elementor-section-height-default\" data-id=\"c844270\" data-element_type=\"section\" data-e-type=\"section\">\n\t\t\t\t\t\t<div class=\"elementor-container elementor-column-gap-default\">\n\t\t\t\t\t<div class=\"elementor-column elementor-col-100 elementor-top-column elementor-element elementor-element-ebc5429\" data-id=\"ebc5429\" data-element_type=\"column\" data-e-type=\"column\">\n\t\t\t<div class=\"elementor-widget-wrap elementor-element-populated\">\n\t\t\t\t\t\t<div class=\"elementor-element elementor-element-d47b8d8 elementor-widget elementor-widget-heading\" data-id=\"d47b8d8\" data-element_type=\"widget\" data-e-type=\"widget\" data-widget_type=\"heading.default\">\n\t\t\t\t<div class=\"elementor-widget-container\">\n\t\t\t\t\t<h1 class=\"elementor-heading-title elementor-size-large\">POL\u00cdTICA DE PRIVACIDAD<\/h1>\t\t\t\t<\/div>\n\t\t\t\t<\/div>\n\t\t\t\t<div class=\"elementor-element elementor-element-6264dbc elementor-widget elementor-widget-text-editor\" data-id=\"6264dbc\" data-element_type=\"widget\" data-e-type=\"widget\" data-widget_type=\"text-editor.default\">\n\t\t\t\t<div class=\"elementor-widget-container\">\n\t\t\t\t\t\t\t\t\t<p><span style=\"font-weight: 400;\">L. C. Rodrigo Abogados Sociedad Civil Profesional te informa sobre su Pol\u00edtica de Privacidad respecto del tratamiento y protecci\u00f3n de los datos de car\u00e1cter personal de los usuarios y clientes que puedan ser recabados por la navegaci\u00f3n o contrataci\u00f3n de servicios a trav\u00e9s del sitio Web www.rodrigoabogados.com.<\/span><\/p><p><span style=\"font-weight: 400;\">En este sentido, LC Rodrigo Abogados garantiza el cumplimiento de la normativa vigente en materia de protecci\u00f3n de datos personales, reflejada en la Ley Org\u00e1nica 3\/2018, de 5 de diciembre, de Protecci\u00f3n de Datos Personales y de Garant\u00eda de Derechos Digitales (LOPD GDD). Cumple tambi\u00e9n con el Reglamento (UE) 2016\/679 del Parlamento Europeo y del Consejo de 27 de abril de 2016 relativo a la protecci\u00f3n de las personas f\u00edsicas (RGPD).<\/span><\/p><p><span style=\"font-weight: 400;\">El uso de sitio Web implica la aceptaci\u00f3n de esta Pol\u00edtica de Privacidad as\u00ed como las condiciones incluidas en el Aviso Legal.<\/span><\/p><p><span style=\"font-weight: 400;\">Identidad del responsable<\/span><\/p><ul><li style=\"font-weight: 400;\" aria-level=\"1\"><span style=\"font-weight: 400;\">Titular : L. C. Rodrigo Abogados Sociedad Civil Profesional\u00a0<\/span><\/li><li style=\"font-weight: 400;\" aria-level=\"1\"><span style=\"font-weight: 400;\">NIF\/CIF: J28613438<\/span><\/li><li style=\"font-weight: 400;\" aria-level=\"1\"><span style=\"font-weight: 400;\">Domicilio: c\/ Vel\u00e1zquez 11 Bajo 2\u00ba derecha. 28001. Madrid Espa\u00f1a.\u00a0<\/span><\/li><li style=\"font-weight: 400;\" aria-level=\"1\"><span style=\"font-weight: 400;\">Correo electr\u00f3nico: info@rodrigoabogados.com<\/span><\/li><li style=\"font-weight: 400;\" aria-level=\"1\"><span style=\"font-weight: 400;\">Sitio Web:<\/span> <a href=\"https:\/\/rodrigoabogados.com\/en\/\"><span style=\"font-weight: 400;\">www.rodrigoabogados.com<\/span><\/a><\/li><\/ul><p><span style=\"font-weight: 400;\">Principios aplicados en el tratamiento de datos<\/span><\/p><p><span style=\"font-weight: 400;\">En el tratamiento de tus datos personales, LC Rodrigo Abogados aplicar\u00e1 los siguientes principios que se ajustan a las exigencias del nuevo reglamento europeo de protecci\u00f3n de datos:<\/span><\/p><ul><li style=\"font-weight: 400;\" aria-level=\"1\"><b>Principio de licitud, lealtad y transparencia:<\/b><span style=\"font-weight: 400;\">\u00a0LC Rodrigo Abogados siempre requerir\u00e1 el consentimiento para el tratamiento de tus datos personales que puede ser para uno o varios fines espec\u00edficos sobre los que te informar\u00e1 previamente con absoluta transparencia.<\/span><\/li><li style=\"font-weight: 400;\" aria-level=\"1\"><b>Principio de minimizaci\u00f3n de datos:<\/b><span style=\"font-weight: 400;\">\u00a0LC Rodrigo Abogados te solicitar\u00e1 solo los datos estrictamente necesarios para el fin o los fines que los solicita.<\/span><\/li><li style=\"font-weight: 400;\" aria-level=\"1\"><b>Principio de limitaci\u00f3n del plazo de conservaci\u00f3n:<\/b><span style=\"font-weight: 400;\">\u00a0Los datos se mantendr\u00e1n durante el tiempo estrictamente necesario para el fin o los fines del tratamiento.<\/span><span style=\"font-weight: 400;\"><br \/><\/span><span style=\"font-weight: 400;\">LC Rodrigo Abogados te informar\u00e1 del plazo de conservaci\u00f3n correspondiente seg\u00fan la finalidad. En el caso de suscripciones, LC Rodrigo Abogados revisar\u00e1 peri\u00f3dicamente las listas y eliminar\u00e1 aquellos registros inactivos durante un tiempo considerable.<\/span><\/li><li style=\"font-weight: 400;\" aria-level=\"1\"><b>Principio de integridad y confidencialidad:<\/b><span style=\"font-weight: 400;\">\u00a0Tus datos ser\u00e1n tratados de tal manera que su seguridad, confidencialidad e integridad est\u00e9 garantizada. Debes saber que LC Rodrigo Abogados toma las precauciones necesarias para evitar el acceso no autorizado o uso indebido de los datos de sus usuarios por parte de terceros.<\/span><\/li><\/ul><p><span style=\"font-weight: 400;\">Obtenci\u00f3n de datos personales<\/span><\/p><p><span style=\"font-weight: 400;\">Para navegar por\u00a0<\/span><a href=\"https:\/\/rodrigoabogados.com\/en\/\"><span style=\"font-weight: 400;\">www.rodrigoabogados.com<\/span><\/a> <span style=\"font-weight: 400;\">\u00a0no es necesario que facilites ning\u00fan dato personal. Los casos en los que s\u00ed proporcionas tus datos personales son los siguientes:<\/span><\/p><ul><li style=\"font-weight: 400;\" aria-level=\"1\"><span style=\"font-weight: 400;\">Al contactar a trav\u00e9s de los formularios de contacto o enviar un correo electr\u00f3nico.<\/span><\/li><\/ul><p><span style=\"font-weight: 400;\">Tus derechos<\/span><\/p><p><span style=\"font-weight: 400;\">LC Rodrigo Abogados te informa que sobre tus datos personales tienes derecho a:<\/span><\/p><ul><li style=\"font-weight: 400;\" aria-level=\"1\"><span style=\"font-weight: 400;\">Solicitar el acceso a los datos almacenados.<\/span><\/li><li style=\"font-weight: 400;\" aria-level=\"1\"><span style=\"font-weight: 400;\">Solicitar una rectificaci\u00f3n o la cancelaci\u00f3n.<\/span><\/li><li style=\"font-weight: 400;\" aria-level=\"1\"><span style=\"font-weight: 400;\">Solicitar la limitaci\u00f3n de su tratamiento.<\/span><\/li><li style=\"font-weight: 400;\" aria-level=\"1\"><span style=\"font-weight: 400;\">Oponerte al tratamiento.<\/span><\/li><li style=\"font-weight: 400;\" aria-level=\"1\"><span style=\"font-weight: 400;\">Solicitar la portabilidad de tus datos.<\/span><\/li><\/ul><p><span style=\"font-weight: 400;\">El ejercicio de estos derechos es personal y por tanto debe ser ejercido directamente por el interesado, solicit\u00e1ndolo directamente a LC Rodrigo Abogados , lo que significa que cualquier cliente, suscriptor o colaborador que haya facilitado sus datos en alg\u00fan momento puede dirigirse a LC Rodrigo Abogados\u00a0 y pedir informaci\u00f3n sobre los datos que tiene almacenados y c\u00f3mo los ha obtenido, solicitar la rectificaci\u00f3n de los mismos, solicitar la portabilidad de sus datos personales, oponerse al tratamiento, limitar su uso o solicitar la cancelaci\u00f3n de esos datos en los ficheros de LC Rodrigo Abogados .<\/span><\/p><p><span style=\"font-weight: 400;\">Para ejercitar tus derechos de acceso, rectificaci\u00f3n, cancelaci\u00f3n, portabilidad y oposici\u00f3n tienes que enviar un correo electr\u00f3nico a\u00a0info@rodrigoabogados.com junto con la prueba v\u00e1lida en derecho como una fotocopia del D.N.I. o equivalente.<\/span><\/p><p><span style=\"font-weight: 400;\">Tienes derecho a la tutela judicial efectiva y a presentar una reclamaci\u00f3n ante la autoridad de control, en este caso, la Agencia Espa\u00f1ola de Protecci\u00f3n de Datos, si consideras que el tratamiento de datos personales que te conciernen infringe el Reglamento.<\/span><\/p><p><span style=\"font-weight: 400;\">Finalidad del tratamiento de datos personales<\/span><\/p><p><span style=\"font-weight: 400;\">Cuando te conectas al sitio Web para mandar un correo a LC Rodrigo Abogados\u00a0 est\u00e1s facilitando informaci\u00f3n de car\u00e1cter personal de la que el responsable es\u00a0 LC Rodrigo Abogados . Esta informaci\u00f3n puede incluir datos de car\u00e1cter personal como pueden ser tu direcci\u00f3n IP, nombre y apellidos, direcci\u00f3n f\u00edsica, direcci\u00f3n de correo electr\u00f3nico, n\u00famero de tel\u00e9fono, y otra informaci\u00f3n. Al facilitar esta informaci\u00f3n, das tu consentimiento para que tu informaci\u00f3n sea recopilada, utilizada, gestionada y almacenada por L. C. Rodrigo Abogados, s\u00f3lo como se describe en el Aviso Legal y en la presente Pol\u00edtica de Privacidad.<\/span><\/p><p><span style=\"font-weight: 400;\">Los datos personales y la finalidad del tratamiento por parte dLC Rodrigo Abogados es diferente seg\u00fan el sistema de captura de informaci\u00f3n:<\/span><\/p><ul><li style=\"font-weight: 400;\" aria-level=\"1\"><b>Formularios de contacto:<\/b><span style=\"font-weight: 400;\">\u00a0LC Rodrigo Abogados solicita datos personales entre los que pueden estar: Nombre y apellidos, direcci\u00f3n de correo electr\u00f3nico, n\u00famero de tel\u00e9fono y direcci\u00f3n de tu sitio Web con la finalidad de responder a tus consultas.<\/span><span style=\"font-weight: 400;\"><br \/><\/span><span style=\"font-weight: 400;\">Por ejemplo, LC Rodrigo Abogados utiliza esos datos para dar respuesta a tus mensajes, dudas, quejas, comentarios o inquietudes que puedas tener relativas a la informaci\u00f3n incluida en el sitio Web, los servicios que se prestan a trav\u00e9s del sitio Web, el tratamiento de tus datos personales, cuestiones referentes a los textos legales incluidos en el sitio Web, as\u00ed como cualquier otra consulta que puedas tener y que no est\u00e9 sujeta a las condiciones del sitio Web o de la contrataci\u00f3n.<\/span><\/li><\/ul><p><span style=\"font-weight: 400;\">Existen otras finalidades por las que LC Rodrigo Abogados trata tus datos personales:<\/span><\/p><ul><li style=\"font-weight: 400;\" aria-level=\"1\"><span style=\"font-weight: 400;\">Para garantizar el cumplimiento de las condiciones recogidas en el Aviso Legal y en la ley aplicable. Esto puede incluir el desarrollo de herramientas y algoritmos que ayuden a este sitio Web a garantizar la confidencialidad de los datos personales que recoge.<\/span><\/li><li style=\"font-weight: 400;\" aria-level=\"1\"><span style=\"font-weight: 400;\">Para apoyar y mejorar los servicios que ofrece este sitio Web.<\/span><\/li><li style=\"font-weight: 400;\" aria-level=\"1\"><span style=\"font-weight: 400;\">Para analizar la navegaci\u00f3n. LC Rodrigo Abogados recoge otros datos no identificativos que se obtienen mediante el uso de cookies que se descargan en tu ordenador cuando navegas por el sitio Web cuyas caracter\u00edsticas y finalidad est\u00e1n detalladas en la Pol\u00edtica de Cookies.<\/span><\/li><li style=\"font-weight: 400;\" aria-level=\"1\"><span style=\"font-weight: 400;\">Para gestionar las redes sociales. LC Rodrigo Abogados tiene presencia en redes sociales. Si te haces seguidor en las redes sociales de LC Rodrigo Abogados el tratamiento de los datos personales se regir\u00e1 por este apartado, as\u00ed como por aquellas condiciones de uso, pol\u00edticas de privacidad y normativas de acceso que pertenezcan a la red social que proceda en cada caso y que has aceptado previamente.<\/span><\/li><\/ul><p><span style=\"font-weight: 400;\">Puedes consultar las pol\u00edticas de privacidad de las principales redes sociales en estos enlaces:<\/span><\/p><ul><li style=\"font-weight: 400;\" aria-level=\"1\"><a href=\"https:\/\/es.linkedin.com\/legal\/privacy-policy\" target=\"_blank\" rel=\"noopener\"><span style=\"font-weight: 400;\">Linkedin<\/span><\/a><\/li><\/ul><p><span style=\"font-weight: 400;\">LC Rodrigo Abogados tratar\u00e1 tus datos personales con la finalidad de administrar correctamente su presencia en la red social, informarte de sus actividades, productos o servicios, as\u00ed como para cualquier otra finalidad que las normativas de las redes sociales permitan.<\/span><\/p><p><span style=\"font-weight: 400;\">En ning\u00fan caso LC Rodrigo Abogados utilizar\u00e1 los perfiles de seguidores en redes sociales para enviar publicidad de manera individual.<\/span><\/p><p><span style=\"font-weight: 400;\">Seguridad de los datos personales<\/span><\/p><p><span style=\"font-weight: 400;\">Para proteger tus datos personales, LC Rodrigo Abogados toma todas las precauciones razonables y sigue las mejores pr\u00e1cticas de la industria para evitar su p\u00e9rdida, mal uso, acceso indebido, divulgaci\u00f3n, alteraci\u00f3n o destrucci\u00f3n de los mismos.<\/span><\/p><p><span style=\"font-weight: 400;\">El sitio Web est\u00e1 alojado en\u00a0OVH. La seguridad de tus datos est\u00e1 garantizada, ya que toman todas las medidas de seguridad necesarias para ello. Puedes consultar su pol\u00edtica de privacidad para tener m\u00e1s informaci\u00f3n.<\/span><\/p><p><span style=\"font-weight: 400;\">Pol\u00edtica de Cookies<\/span><\/p><p><span style=\"font-weight: 400;\">Para que este sitio Web funcione correctamente necesita utilizar cookies, que es una informaci\u00f3n que se almacena en tu navegador web.<\/span><\/p><p><span style=\"font-weight: 400;\">En la p\u00e1gina Pol\u00edtica de Cookies puedes consultar toda la informaci\u00f3n relativa a la pol\u00edtica de recogida, la finalidad y el tratamiento de las cookies.<\/span><\/p><p><span style=\"font-weight: 400;\">Legitimaci\u00f3n para el tratamiento de datos<\/span><\/p><p><span style=\"font-weight: 400;\">La base legal para el tratamiento de los datos personales es:<\/span><\/p><ul><li style=\"font-weight: 400;\" aria-level=\"2\"><span style=\"font-weight: 400;\">El consentimiento prestado por los interesados, solicitado previamente para cada caso y finalidad concreta.<\/span><\/li><li style=\"font-weight: 400;\" aria-level=\"2\"><span style=\"font-weight: 400;\">Si se produce el encargo profesional, la relaci\u00f3n contractual que se establezca con LC Rodrigo Abogados. La gesti\u00f3n de la contrataci\u00f3n de servicios, la facturaci\u00f3n de los mismos y el cumplimiento de las obligaciones profesionales y legales correspondientes se encuentra legitimado por la propia ejecuci\u00f3n del contrato.<\/span><\/li><li style=\"font-weight: 400;\" aria-level=\"2\"><span style=\"font-weight: 400;\">El cumplimiento de obligaciones legales de LC Rodrigo Abogados.<\/span><\/li><\/ul><p><span style=\"font-weight: 400;\">Categor\u00edas de datos personales<\/span><\/p><p><span style=\"font-weight: 400;\">Teniendo en cuenta las finalidades descritas anteriormente, LC Rodrigo Abogados tratar\u00e1 las siguientes categor\u00edas de datos personales:<\/span><\/p><ul><li style=\"font-weight: 400;\" aria-level=\"1\"><span style=\"font-weight: 400;\">Datos identificativos y de contacto.<\/span><\/li><li style=\"font-weight: 400;\" aria-level=\"1\"><span style=\"font-weight: 400;\">Datos acad\u00e9micos y profesionales.<\/span><\/li><li style=\"font-weight: 400;\" aria-level=\"1\"><span style=\"font-weight: 400;\">Datos de tr\u00e1fico y localizaci\u00f3n.<\/span><\/li><li style=\"font-weight: 400;\" aria-level=\"1\"><span style=\"font-weight: 400;\">Metadatos de comunicaciones electr\u00f3nicas.<\/span><\/li><li style=\"font-weight: 400;\" aria-level=\"1\"><span style=\"font-weight: 400;\">Datos de informaci\u00f3n comercial.<\/span><\/li><li style=\"font-weight: 400;\" aria-level=\"1\"><span style=\"font-weight: 400;\">Datos econ\u00f3micos, financieros y de seguros.<\/span><\/li><\/ul><p><span style=\"font-weight: 400;\">El Usuario podr\u00e1 ejercitar sus derechos en cualquier momento y de forma gratuita dirigiendo un correo electr\u00f3nico o correo postal a las direcciones indicadas se\u00f1alando el derecho que desea ejercitar y sus datos identificativos.<\/span><\/p><p><span style=\"font-weight: 400;\">Conservaci\u00f3n de datos personales<\/span><\/p><p><span style=\"font-weight: 400;\">LC Rodrigo Abogados conservar\u00e1 los datos personales \u00fanicamente durante el tiempo necesario para cumplir la finalidad para la cual se recogieron, salvo revocaci\u00f3n del consentimiento otorgado. Si sus datos se utilizan para varias finalidades sujetas a plazos de conservaci\u00f3n con duraciones diferentes, se aplicar\u00e1 el plazo de conservaci\u00f3n m\u00e1s largo.\u00a0<\/span><\/p><p><span style=\"font-weight: 400;\">A continuaci\u00f3n, a modo de ejemplo, se enumeran diferentes plazos de conservaci\u00f3n:<\/span><\/p><ul><li style=\"font-weight: 400;\" aria-level=\"2\"><span style=\"font-weight: 400;\">Para la gesti\u00f3n y ejecuci\u00f3n de relaciones contractuales, se conservar\u00e1n los datos mientras la relaci\u00f3n siga vigente.<\/span><\/li><li style=\"font-weight: 400;\" aria-level=\"2\"><span style=\"font-weight: 400;\">Para la gesti\u00f3n de procesos de selecci\u00f3n, se conservar\u00e1n los datos facilitados durante 1 a\u00f1o desde que se remitiese el curr\u00edculo.\u00a0<\/span><\/li><li style=\"font-weight: 400;\" aria-level=\"2\"><span style=\"font-weight: 400;\">Para el env\u00edo de comunicaciones de contenido comercial\/marketing (publicaciones, eventos, etc.), se conservar\u00e1n los datos hasta que se retire su consentimiento para esta finalidad.<\/span><\/li><li style=\"font-weight: 400;\" aria-level=\"2\"><span style=\"font-weight: 400;\">Cuando se efect\u00fae una consulta a trav\u00e9s del Sitio Web, se conservar\u00e1n los datos durante el tiempo necesario para gestionar y resolver dicha consulta.<\/span><\/li><\/ul><p><span style=\"font-weight: 400;\">Sin perjuicio de lo anterior, posteriormente, en caso de ser necesario, se mantendr\u00edan los datos bloqueados durante los plazos legalmente establecidos para el cumplimiento de obligaciones legales y regulatorias, como tambi\u00e9n para poder atender posibles consultas o reclamaciones.<\/span><\/p><p><span style=\"font-weight: 400;\">Navegaci\u00f3n Web<\/span><\/p><p><span style=\"font-weight: 400;\">Al navegar por\u00a0<\/span><a href=\"https:\/\/rodrigoabogados.com\/en\/\"><span style=\"font-weight: 400;\">www.rodrigoabogados.com<\/span><\/a><span style=\"font-weight: 400;\"> se pueden recoger datos no identificativos, que pueden incluir, la direcci\u00f3n IP, geolocalizaci\u00f3n, un registro de c\u00f3mo se utilizan los servicios y sitios, h\u00e1bitos de navegaci\u00f3n y otros datos que no pueden ser utilizados para identificarte.<\/span><\/p><p><span style=\"font-weight: 400;\">LC Rodrigo Abogados utiliza la informaci\u00f3n obtenida para obtener datos estad\u00edsticos, analizar tendencias, administrar el sitio, estudiar patrones de navegaci\u00f3n y para recopilar informaci\u00f3n demogr\u00e1fica.<\/span><\/p><p><span style=\"font-weight: 400;\">Exactitud y veracidad de los datos personales<\/span><\/p><p><span style=\"font-weight: 400;\">Te comprometes a que los datos facilitados a LC Rodrigo Abogados sean correctos, completos, exactos y vigentes, as\u00ed como a mantenerlos debidamente actualizados.<\/span><\/p><p><span style=\"font-weight: 400;\">Como Usuario del sitio Web eres el \u00fanico responsable de la veracidad y correcci\u00f3n de los datos que remitas al sitio exonerando a LC Rodrigo Abogados de cualquier responsabilidad al respecto.<\/span><\/p><p><span style=\"font-weight: 400;\">Aceptaci\u00f3n y consentimiento<\/span><\/p><p><span style=\"font-weight: 400;\">Como Usuario del sitio Web declaras haber sido informado de las condiciones sobre protecci\u00f3n de datos de car\u00e1cter personal, aceptas y consientes el tratamiento de los mismos por parte de LC Rodrigo Abogados en la forma y para las finalidades indicadas en esta Pol\u00edtica de Privacidad.<\/span><\/p><p><span style=\"font-weight: 400;\">Revocabilidad<\/span><\/p><p><span style=\"font-weight: 400;\">Para ejercitar tus derechos de acceso, rectificaci\u00f3n, cancelaci\u00f3n, portabilidad y oposici\u00f3n tienes que enviar un correo electr\u00f3nico a\u00a0<\/span><a href=\"mailto:info@rodrigoabogados.com\"><span style=\"font-weight: 400;\">info@rodrigoabogados.com<\/span><\/a><span style=\"font-weight: 400;\">\u00a0 junto con la prueba v\u00e1lida en derecho como una fotocopia del D.N.I. o equivalente.<\/span><\/p><p><span style=\"font-weight: 400;\">El ejercicio de tus derechos no incluye ning\u00fan dato que LC Rodrigo Abogados est\u00e9 obligado a conservar con fines administrativos, legales o de seguridad.<\/span><\/p><p><span style=\"font-weight: 400;\">Cambios en la Pol\u00edtica de Privacidad<\/span><\/p><p><span style=\"font-weight: 400;\">LC Rodrigo Abogados se reserva el derecho a modificar la presente Pol\u00edtica de Privacidad para adaptarla a novedades legislativas o jurisprudenciales, as\u00ed como a pr\u00e1cticas de la industria.<\/span><\/p><p><span style=\"font-weight: 400;\">Estas pol\u00edticas estar\u00e1n vigentes hasta que sean modificadas por otras debidamente publicadas.<\/span><\/p>\t\t\t\t\t\t\t\t<\/div>\n\t\t\t\t<\/div>\n\t\t\t\t\t<\/div>\n\t\t<\/div>\n\t\t\t\t\t<\/div>\n\t\t<\/section>\n\t\t\t\t<\/div>","protected":false},"excerpt":{"rendered":"<p>POL\u00cdTICA DE PRIVACIDAD L. C. Rodrigo Abogados Sociedad Civil Profesional te informa sobre su Pol\u00edtica de Privacidad respecto del tratamiento y protecci\u00f3n de los datos de car\u00e1cter personal de los usuarios y clientes que puedan ser recabados por la navegaci\u00f3n o contrataci\u00f3n de servicios a trav\u00e9s del sitio Web www.rodrigoabogados.com. En este sentido, LC Rodrigo [&hellip;]<\/p>\n","protected":false},"author":1,"featured_media":0,"parent":0,"menu_order":0,"comment_status":"closed","ping_status":"closed","template":"","meta":{"site-sidebar-layout":"no-sidebar","site-content-layout":"page-builder","ast-site-content-layout":"default","site-content-style":"default","site-sidebar-style":"default","ast-global-header-display":"","ast-banner-title-visibility":"","ast-main-header-display":"","ast-hfb-above-header-display":"","ast-hfb-below-header-display":"","ast-hfb-mobile-header-display":"","site-post-title":"disabled","ast-breadcrumbs-content":"","ast-featured-img":"disabled","footer-sml-layout":"","ast-disable-related-posts":"","theme-transparent-header-meta":"default","adv-header-id-meta":"","stick-header-meta":"","header-above-stick-meta":"","header-main-stick-meta":"","header-below-stick-meta":"","astra-migrate-meta-layouts":"default","ast-page-background-enabled":"default","ast-page-background-meta":{"desktop":{"background-color":"","background-image":"","background-repeat":"repeat","background-position":"center center","background-size":"auto","background-attachment":"scroll","background-type":"","background-media":"","overlay-type":"","overlay-color":"","overlay-opacity":"","overlay-gradient":""},"tablet":{"background-color":"","background-image":"","background-repeat":"repeat","background-position":"center center","background-size":"auto","background-attachment":"scroll","background-type":"","background-media":"","overlay-type":"","overlay-color":"","overlay-opacity":"","overlay-gradient":""},"mobile":{"background-color":"","background-image":"","background-repeat":"repeat","background-position":"center center","background-size":"auto","background-attachment":"scroll","background-type":"","background-media":"","overlay-type":"","overlay-color":"","overlay-opacity":"","overlay-gradient":""}},"ast-content-background-meta":{"desktop":{"background-color":"var(--ast-global-color-5)","background-image":"","background-repeat":"repeat","background-position":"center center","background-size":"auto","background-attachment":"scroll","background-type":"","background-media":"","overlay-type":"","overlay-color":"","overlay-opacity":"","overlay-gradient":""},"tablet":{"background-color":"var(--ast-global-color-5)","background-image":"","background-repeat":"repeat","background-position":"center center","background-size":"auto","background-attachment":"scroll","background-type":"","background-media":"","overlay-type":"","overlay-color":"","overlay-opacity":"","overlay-gradient":""},"mobile":{"background-color":"var(--ast-global-color-5)","background-image":"","background-repeat":"repeat","background-position":"center center","background-size":"auto","background-attachment":"scroll","background-type":"","background-media":"","overlay-type":"","overlay-color":"","overlay-opacity":"","overlay-gradient":""}},"footnotes":""},"class_list":["post-593","page","type-page","status-publish","hentry"],"_links":{"self":[{"href":"https:\/\/rodrigoabogados.com\/en\/wp-json\/wp\/v2\/pages\/593","targetHints":{"allow":["GET"]}}],"collection":[{"href":"https:\/\/rodrigoabogados.com\/en\/wp-json\/wp\/v2\/pages"}],"about":[{"href":"https:\/\/rodrigoabogados.com\/en\/wp-json\/wp\/v2\/types\/page"}],"author":[{"embeddable":true,"href":"https:\/\/rodrigoabogados.com\/en\/wp-json\/wp\/v2\/users\/1"}],"replies":[{"embeddable":true,"href":"https:\/\/rodrigoabogados.com\/en\/wp-json\/wp\/v2\/comments?post=593"}],"version-history":[{"count":0,"href":"https:\/\/rodrigoabogados.com\/en\/wp-json\/wp\/v2\/pages\/593\/revisions"}],"wp:attachment":[{"href":"https:\/\/rodrigoabogados.com\/en\/wp-json\/wp\/v2\/media?parent=593"}],"curies":[{"name":"wp","href":"https:\/\/api.w.org\/{rel}","templated":true}]}}