{"id":437,"date":"2021-02-15T00:39:38","date_gmt":"2021-02-14T23:39:38","guid":{"rendered":"https:\/\/nueva2.rodrigoabogados.com\/?page_id=437"},"modified":"2023-04-21T12:59:33","modified_gmt":"2023-04-21T10:59:33","slug":"jorge-angell","status":"publish","type":"page","link":"https:\/\/rodrigoabogados.com\/en\/jorge-angell\/","title":{"rendered":"Jorge Angell"},"content":{"rendered":"<div data-elementor-type=\"wp-page\" data-elementor-id=\"437\" class=\"elementor elementor-437\" data-elementor-post-type=\"page\">\n\t\t\t\t\t\t<section class=\"elementor-section elementor-top-section elementor-element elementor-element-5ed1172 elementor-section-boxed elementor-section-height-default elementor-section-height-default\" data-id=\"5ed1172\" data-element_type=\"section\" data-e-type=\"section\">\n\t\t\t\t\t\t<div class=\"elementor-container elementor-column-gap-default\">\n\t\t\t\t\t<div class=\"elementor-column elementor-col-50 elementor-top-column elementor-element elementor-element-4c4b9b5\" data-id=\"4c4b9b5\" data-element_type=\"column\" data-e-type=\"column\">\n\t\t\t<div class=\"elementor-widget-wrap elementor-element-populated\">\n\t\t\t\t\t\t<div class=\"elementor-element elementor-element-e37d7c3 elementor-invisible elementor-widget elementor-widget-image\" data-id=\"e37d7c3\" data-element_type=\"widget\" data-e-type=\"widget\" data-settings=\"{&quot;_animation&quot;:&quot;fadeInLeft&quot;}\" data-widget_type=\"image.default\">\n\t\t\t\t<div class=\"elementor-widget-container\">\n\t\t\t\t\t\t\t\t\t\t\t\t\t\t\t<img fetchpriority=\"high\" decoding=\"async\" width=\"475\" height=\"800\" src=\"https:\/\/rodrigoabogados.com\/wp-content\/uploads\/2021\/02\/DSC0045311-1.jpg\" class=\"attachment-full size-full wp-image-297\" alt=\"\" srcset=\"https:\/\/rodrigoabogados.com\/wp-content\/uploads\/2021\/02\/DSC0045311-1.jpg 475w, https:\/\/rodrigoabogados.com\/wp-content\/uploads\/2021\/02\/DSC0045311-1-178x300.jpg 178w, https:\/\/rodrigoabogados.com\/wp-content\/uploads\/2021\/02\/DSC0045311-1-7x12.jpg 7w\" sizes=\"(max-width: 475px) 100vw, 475px\" \/>\t\t\t\t\t\t\t\t\t\t\t\t\t\t\t<\/div>\n\t\t\t\t<\/div>\n\t\t\t\t<div class=\"elementor-element elementor-element-90ea8ac elementor-widget elementor-widget-text-editor\" data-id=\"90ea8ac\" data-element_type=\"widget\" data-e-type=\"widget\" data-widget_type=\"text-editor.default\">\n\t\t\t\t<div class=\"elementor-widget-container\">\n\t\t\t\t\t\t\t\t\t<p>Jorge Angell &#8211; 914355412 &#8211; jangell@rodrigoabogados.com<\/p>\t\t\t\t\t\t\t\t<\/div>\n\t\t\t\t<\/div>\n\t\t\t\t<div class=\"elementor-element elementor-element-87780dd elementor-view-default elementor-widget elementor-widget-icon\" data-id=\"87780dd\" data-element_type=\"widget\" data-e-type=\"widget\" data-widget_type=\"icon.default\">\n\t\t\t\t<div class=\"elementor-widget-container\">\n\t\t\t\t\t\t\t<div class=\"elementor-icon-wrapper\">\n\t\t\t<a class=\"elementor-icon\" href=\"https:\/\/www.linkedin.com\/in\/joangell\/\" target=\"_blank\" rel=\"noopener\">\n\t\t\t<i aria-hidden=\"true\" class=\"fab fa-linkedin-in\"><\/i>\t\t\t<\/a>\n\t\t<\/div>\n\t\t\t\t\t\t<\/div>\n\t\t\t\t<\/div>\n\t\t\t\t\t<\/div>\n\t\t<\/div>\n\t\t\t\t<div class=\"elementor-column elementor-col-50 elementor-top-column elementor-element elementor-element-b3b8288\" data-id=\"b3b8288\" data-element_type=\"column\" data-e-type=\"column\">\n\t\t\t<div class=\"elementor-widget-wrap elementor-element-populated\">\n\t\t\t\t\t\t<div class=\"elementor-element elementor-element-0b50d3e elementor-invisible elementor-widget elementor-widget-text-editor\" data-id=\"0b50d3e\" data-element_type=\"widget\" data-e-type=\"widget\" data-settings=\"{&quot;_animation&quot;:&quot;fadeIn&quot;}\" data-widget_type=\"text-editor.default\">\n\t\t\t\t<div class=\"elementor-widget-container\">\n\t\t\t\t\t\t\t\t\t<p>Jorge Angell is the senior partner of LC Rodrigo Abogados, and specialises in corporate and commercial law, insurance and reinsurance law, private international law, litigation and arbitration. He graduated in law in 1971. He is a member of the Madrid (Spain) and Lima (Peru) Law Societies.<\/p><p>He frequently acts as an expert in Spanish law before foreign courts, especially English and US courts, and as arbitrator and party counsel in domestic and international arbitrations.<\/p><p>He is an associated member of the Arbitration Court of the Chamber of Commerce and Industry of Madrid. He is listed in the arbitrators\u2019 roster of the Madrid Law Society and of the Arbitration Court of the Chamber of Commerce of Lima. He is a member of ICC Spanish National Committee, the London Court of International Arbitration, the European-Latin American Arbitration Association and the Spanish Arbitration Club.<\/p><p>He was formerly chairman of the Reinsurance Working Party of the International Insurance Law Association (AIDA) and is currently honorary chair. He is a member of the following LPD Committees of the IBA: Business Organisations, Insurance, Litigation (co-chair for 2006 to 2007) and Arbitration. He is also a member of the FDCC and current International Rep for Spain, vice chair of the International Activities Committee and former vice chair of the Reinsurance, Excess and Surplus Lines Section. He is also a member of SEAIDA (the Spanish section of AIDA); and the Credit Insurance Working Party of AIDA, as well as an adjunct member of the International Association of Claim Professionals (IACP).<\/p><p>He was nominated in the 2001 Guide to the World\u2019s Leading Litigation Lawyers, the 2002, 2004, 2006, 2015\u20132017 and 2019 editions of Expert Guide: Insurance and Reinsurance, and the 2013\u20132019 editions of Expert Guide: Commercial Arbitration. He has also been nominated in Who\u2019s Who Legal: Litigation (2004, 2006, 2009, 2010, 2012, 2013, 2014\u20132019) and Who\u2019s Who Legal: Insurance and Reinsurance (2007, 2008, 2010-2018).<\/p><p>He speaks Spanish and English fluently.<\/p>\t\t\t\t\t\t\t\t<\/div>\n\t\t\t\t<\/div>\n\t\t\t\t\t<\/div>\n\t\t<\/div>\n\t\t\t\t\t<\/div>\n\t\t<\/section>\n\t\t\t\t<\/div>","protected":false},"excerpt":{"rendered":"<p>Jorge Angell &#8211; 914355412 &#8211; jangell@rodrigoabogados.com Jorge Angell es el socio director de L.C. RODRIGO ABOGADOS, especializado en derecho societario y mercantil, seguros y reaseguros, derecho internacional privado, litigios y arbitrajes. Se licenci\u00f3 en Derecho en 1971. Es miembro de los Colegios de Abogados de Madrid (Espa\u00f1a) y Lima (Per\u00fa). Act\u00faa con frecuencia como experto [&hellip;]<\/p>\n","protected":false},"author":1,"featured_media":0,"parent":0,"menu_order":0,"comment_status":"closed","ping_status":"closed","template":"","meta":{"site-sidebar-layout":"no-sidebar","site-content-layout":"page-builder","ast-site-content-layout":"default","site-content-style":"default","site-sidebar-style":"default","ast-global-header-display":"","ast-banner-title-visibility":"","ast-main-header-display":"","ast-hfb-above-header-display":"","ast-hfb-below-header-display":"","ast-hfb-mobile-header-display":"","site-post-title":"disabled","ast-breadcrumbs-content":"","ast-featured-img":"disabled","footer-sml-layout":"","ast-disable-related-posts":"","theme-transparent-header-meta":"default","adv-header-id-meta":"","stick-header-meta":"","header-above-stick-meta":"","header-main-stick-meta":"","header-below-stick-meta":"","astra-migrate-meta-layouts":"default","ast-page-background-enabled":"default","ast-page-background-meta":{"desktop":{"background-color":"","background-image":"","background-repeat":"repeat","background-position":"center center","background-size":"auto","background-attachment":"scroll","background-type":"","background-media":"","overlay-type":"","overlay-color":"","overlay-opacity":"","overlay-gradient":""},"tablet":{"background-color":"","background-image":"","background-repeat":"repeat","background-position":"center center","background-size":"auto","background-attachment":"scroll","background-type":"","background-media":"","overlay-type":"","overlay-color":"","overlay-opacity":"","overlay-gradient":""},"mobile":{"background-color":"","background-image":"","background-repeat":"repeat","background-position":"center center","background-size":"auto","background-attachment":"scroll","background-type":"","background-media":"","overlay-type":"","overlay-color":"","overlay-opacity":"","overlay-gradient":""}},"ast-content-background-meta":{"desktop":{"background-color":"var(--ast-global-color-5)","background-image":"","background-repeat":"repeat","background-position":"center center","background-size":"auto","background-attachment":"scroll","background-type":"","background-media":"","overlay-type":"","overlay-color":"","overlay-opacity":"","overlay-gradient":""},"tablet":{"background-color":"var(--ast-global-color-5)","background-image":"","background-repeat":"repeat","background-position":"center center","background-size":"auto","background-attachment":"scroll","background-type":"","background-media":"","overlay-type":"","overlay-color":"","overlay-opacity":"","overlay-gradient":""},"mobile":{"background-color":"var(--ast-global-color-5)","background-image":"","background-repeat":"repeat","background-position":"center center","background-size":"auto","background-attachment":"scroll","background-type":"","background-media":"","overlay-type":"","overlay-color":"","overlay-opacity":"","overlay-gradient":""}},"footnotes":""},"class_list":["post-437","page","type-page","status-publish","hentry"],"_links":{"self":[{"href":"https:\/\/rodrigoabogados.com\/en\/wp-json\/wp\/v2\/pages\/437","targetHints":{"allow":["GET"]}}],"collection":[{"href":"https:\/\/rodrigoabogados.com\/en\/wp-json\/wp\/v2\/pages"}],"about":[{"href":"https:\/\/rodrigoabogados.com\/en\/wp-json\/wp\/v2\/types\/page"}],"author":[{"embeddable":true,"href":"https:\/\/rodrigoabogados.com\/en\/wp-json\/wp\/v2\/users\/1"}],"replies":[{"embeddable":true,"href":"https:\/\/rodrigoabogados.com\/en\/wp-json\/wp\/v2\/comments?post=437"}],"version-history":[{"count":4,"href":"https:\/\/rodrigoabogados.com\/en\/wp-json\/wp\/v2\/pages\/437\/revisions"}],"predecessor-version":[{"id":1016,"href":"https:\/\/rodrigoabogados.com\/en\/wp-json\/wp\/v2\/pages\/437\/revisions\/1016"}],"wp:attachment":[{"href":"https:\/\/rodrigoabogados.com\/en\/wp-json\/wp\/v2\/media?parent=437"}],"curies":[{"name":"wp","href":"https:\/\/api.w.org\/{rel}","templated":true}]}}